{"id":1811,"date":"2023-10-25T11:54:07","date_gmt":"2023-10-25T11:54:07","guid":{"rendered":"https:\/\/e-watertech.com\/aritma\/?page_id=1811"},"modified":"2023-10-25T12:10:26","modified_gmt":"2023-10-25T12:10:26","slug":"bakim-talep-formu","status":"publish","type":"page","link":"https:\/\/e-watertech.com\/aritma\/index.php\/bakim-talep-formu\/","title":{"rendered":"Bak\u0131m Talep Formu"},"content":{"rendered":"\n\n<style id=\"wpforms-css-vars-root\">\n\t\t\t\t:root {\n\t\t\t\t\t--wpforms-field-border-radius: 3px;\n--wpforms-field-background-color: #ffffff;\n--wpforms-field-border-color: rgba( 0, 0, 0, 0.25 );\n--wpforms-field-text-color: rgba( 0, 0, 0, 0.7 );\n--wpforms-label-color: rgba( 0, 0, 0, 0.85 );\n--wpforms-label-sublabel-color: rgba( 0, 0, 0, 0.55 );\n--wpforms-label-error-color: #d63637;\n--wpforms-button-border-radius: 3px;\n--wpforms-button-background-color: #066aab;\n--wpforms-button-text-color: #ffffff;\n--wpforms-field-size-input-height: 43px;\n--wpforms-field-size-input-spacing: 15px;\n--wpforms-field-size-font-size: 16px;\n--wpforms-field-size-line-height: 19px;\n--wpforms-field-size-padding-h: 14px;\n--wpforms-field-size-checkbox-size: 16px;\n--wpforms-field-size-sublabel-spacing: 5px;\n--wpforms-field-size-icon-size: 1;\n--wpforms-label-size-font-size: 16px;\n--wpforms-label-size-line-height: 19px;\n--wpforms-label-size-sublabel-font-size: 14px;\n--wpforms-label-size-sublabel-line-height: 17px;\n--wpforms-button-size-font-size: 17px;\n--wpforms-button-size-height: 41px;\n--wpforms-button-size-padding-h: 15px;\n--wpforms-button-size-margin-top: 10px;\n\n\t\t\t\t}\n\t\t\t<\/style><div class=\"wpforms-container wpforms-container-full wpforms-block wpforms-block-fa50b84f-f4e2-4778-b58c-d7d52a47cbe4 wpforms-render-modern\" id=\"wpforms-1792\"><form id=\"wpforms-form-1792\" class=\"wpforms-validate wpforms-form wpforms-ajax-form\" data-formid=\"1792\" method=\"post\" enctype=\"multipart\/form-data\" action=\"\/aritma\/index.php\/wp-json\/wp\/v2\/pages\/1811\" data-token=\"ffeeac773b6ef24f59bd2bec3a3eab82\"><noscript class=\"wpforms-error-noscript\">Bu formu bitirebilmek i\u00e7in taray\u0131c\u0131n\u0131zda JavaScript&#039;i etkinle\u015ftirin.<\/noscript><div class=\"wpforms-hidden\" id=\"wpforms-error-noscript\">Bu formu bitirebilmek i\u00e7in taray\u0131c\u0131n\u0131zda JavaScript&#039;i etkinle\u015ftirin.<\/div><div class=\"wpforms-field-container\"><div id=\"wpforms-1792-field_1-container\" class=\"wpforms-field wpforms-field-name\" data-field-id=\"1\"><fieldset><legend class=\"wpforms-field-label\">Talep Sahibi <span class=\"wpforms-required-label\" aria-hidden=\"true\">*<\/span><\/legend><div class=\"wpforms-field-row wpforms-field-medium\"><div class=\"wpforms-field-row-block wpforms-first wpforms-one-half\"><input type=\"text\" id=\"wpforms-1792-field_1\" class=\"wpforms-field-name-first wpforms-field-required\" name=\"wpforms[fields][1][first]\" aria-errormessage=\"wpforms-1792-field_1-error\" required><label for=\"wpforms-1792-field_1\" class=\"wpforms-field-sublabel after \">Ad<\/label><\/div><div class=\"wpforms-field-row-block wpforms-one-half\"><input type=\"text\" id=\"wpforms-1792-field_1-last\" class=\"wpforms-field-name-last wpforms-field-required\" name=\"wpforms[fields][1][last]\" aria-errormessage=\"wpforms-1792-field_1-last-error\" required><label for=\"wpforms-1792-field_1-last\" class=\"wpforms-field-sublabel after \">Soyad<\/label><\/div><\/div><\/fieldset><\/div><div id=\"wpforms-1792-field_2-container\" class=\"wpforms-field wpforms-field-text\" data-field-id=\"2\"><label class=\"wpforms-field-label\" for=\"wpforms-1792-field_2\">Firma Ad\u0131<\/label><input type=\"text\" id=\"wpforms-1792-field_2\" class=\"wpforms-field-medium\" name=\"wpforms[fields][2]\" aria-errormessage=\"wpforms-1792-field_2-error\" ><\/div><div id=\"wpforms-1792-field_3-container\" class=\"wpforms-field wpforms-field-email\" data-field-id=\"3\"><label class=\"wpforms-field-label\" for=\"wpforms-1792-field_3\">E-posta <span class=\"wpforms-required-label\" aria-hidden=\"true\">*<\/span><\/label><input type=\"email\" id=\"wpforms-1792-field_3\" class=\"wpforms-field-medium wpforms-field-required\" name=\"wpforms[fields][3]\" spellcheck=\"false\" aria-errormessage=\"wpforms-1792-field_3-error\" required><\/div><div id=\"wpforms-1792-field_4-container\" class=\"wpforms-field wpforms-field-number\" data-field-id=\"4\"><label class=\"wpforms-field-label\" for=\"wpforms-1792-field_4\">Telefon<\/label><input type=\"number\" pattern=\"\\d*\" id=\"wpforms-1792-field_4\" class=\"wpforms-field-medium\" name=\"wpforms[fields][4]\" aria-errormessage=\"wpforms-1792-field_4-error\" ><\/div><div id=\"wpforms-1792-field_13-container\" class=\"wpforms-field wpforms-field-checkbox\" data-field-id=\"13\"><fieldset><legend class=\"wpforms-field-label\">Bak\u0131m Talep Konusu Sistem \/ Sistemler<\/legend><ul id=\"wpforms-1792-field_13\"><li class=\"choice-1 depth-1\"><input type=\"checkbox\" id=\"wpforms-1792-field_13_1\" name=\"wpforms[fields][13][]\" value=\"Ters Ozmoz Sistemleri\" aria-errormessage=\"wpforms-1792-field_13_1-error\"  ><label class=\"wpforms-field-label-inline\" for=\"wpforms-1792-field_13_1\">Ters Ozmoz Sistemleri<\/label><\/li><li class=\"choice-2 depth-1\"><input type=\"checkbox\" id=\"wpforms-1792-field_13_2\" name=\"wpforms[fields][13][]\" value=\"Ultrafiltrasyon Sistemleri\" aria-errormessage=\"wpforms-1792-field_13_2-error\"  ><label class=\"wpforms-field-label-inline\" for=\"wpforms-1792-field_13_2\">Ultrafiltrasyon Sistemleri<\/label><\/li><li class=\"choice-3 depth-1\"><input type=\"checkbox\" id=\"wpforms-1792-field_13_3\" name=\"wpforms[fields][13][]\" value=\"Nanofiltrasyon Sistemleri\" aria-errormessage=\"wpforms-1792-field_13_3-error\"  ><label class=\"wpforms-field-label-inline\" for=\"wpforms-1792-field_13_3\">Nanofiltrasyon Sistemleri<\/label><\/li><li class=\"choice-6 depth-1\"><input type=\"checkbox\" id=\"wpforms-1792-field_13_6\" name=\"wpforms[fields][13][]\" value=\"Ozonlama Sistemleri\" aria-errormessage=\"wpforms-1792-field_13_6-error\"  ><label class=\"wpforms-field-label-inline\" for=\"wpforms-1792-field_13_6\">Ozonlama Sistemleri<\/label><\/li><li class=\"choice-5 depth-1\"><input type=\"checkbox\" id=\"wpforms-1792-field_13_5\" name=\"wpforms[fields][13][]\" value=\"\u0130yon De\u011fi\u015fim Sistemleri\" aria-errormessage=\"wpforms-1792-field_13_5-error\"  ><label class=\"wpforms-field-label-inline\" for=\"wpforms-1792-field_13_5\">\u0130yon De\u011fi\u015fim Sistemleri<\/label><\/li><li class=\"choice-4 depth-1\"><input type=\"checkbox\" id=\"wpforms-1792-field_13_4\" name=\"wpforms[fields][13][]\" value=\"Kontrol Sistemleri &gt; Elektrik, Elektronik, Yaz\u0131l\u0131m, Otomasyon\" aria-errormessage=\"wpforms-1792-field_13_4-error\"  ><label class=\"wpforms-field-label-inline\" for=\"wpforms-1792-field_13_4\">Kontrol Sistemleri &gt; Elektrik, Elektronik, Yaz\u0131l\u0131m, Otomasyon<\/label><\/li><\/ul><\/fieldset><\/div><div id=\"wpforms-1792-field_11-container\" class=\"wpforms-field wpforms-field-checkbox\" data-field-id=\"11\"><fieldset><legend class=\"wpforms-field-label\">Bak\u0131m S\u00f6zle\u015fmesi<\/legend><ul id=\"wpforms-1792-field_11\"><li class=\"choice-1 depth-1\"><input type=\"checkbox\" id=\"wpforms-1792-field_11_1\" name=\"wpforms[fields][11][]\" value=\"Var\" aria-errormessage=\"wpforms-1792-field_11_1-error\"  ><label class=\"wpforms-field-label-inline\" for=\"wpforms-1792-field_11_1\">Var<\/label><\/li><li class=\"choice-2 depth-1\"><input type=\"checkbox\" id=\"wpforms-1792-field_11_2\" name=\"wpforms[fields][11][]\" value=\"Yok\" aria-errormessage=\"wpforms-1792-field_11_2-error\"  ><label class=\"wpforms-field-label-inline\" for=\"wpforms-1792-field_11_2\">Yok<\/label><\/li><\/ul><\/fieldset><\/div><div id=\"wpforms-1792-field_12-container\" class=\"wpforms-field wpforms-field-checkbox\" data-field-id=\"12\"><fieldset><legend class=\"wpforms-field-label\">S\u00fcreli Bak\u0131m S\u00f6zle\u015fmesi Talebi<\/legend><ul id=\"wpforms-1792-field_12\"><li class=\"choice-1 depth-1\"><input type=\"checkbox\" id=\"wpforms-1792-field_12_1\" name=\"wpforms[fields][12][]\" value=\"Evet\" aria-errormessage=\"wpforms-1792-field_12_1-error\"  ><label class=\"wpforms-field-label-inline\" for=\"wpforms-1792-field_12_1\">Evet<\/label><\/li><li class=\"choice-2 depth-1\"><input type=\"checkbox\" id=\"wpforms-1792-field_12_2\" name=\"wpforms[fields][12][]\" value=\"Hay\u0131r\" aria-errormessage=\"wpforms-1792-field_12_2-error\"  ><label class=\"wpforms-field-label-inline\" for=\"wpforms-1792-field_12_2\">Hay\u0131r<\/label><\/li><\/ul><\/fieldset><\/div><div id=\"wpforms-1792-field_8-container\" class=\"wpforms-field wpforms-field-select wpforms-field-select-style-classic\" data-field-id=\"8\"><label class=\"wpforms-field-label\" for=\"wpforms-1792-field_8\">Ke\u015fif \/ Veri Toplama<\/label><select id=\"wpforms-1792-field_8\" class=\"wpforms-field-medium\" name=\"wpforms[fields][8]\"><option value=\"Yerinde Ke\u015fif Talep Ediyorum\" >Yerinde Ke\u015fif Talep Ediyorum<\/option><option value=\"Elektronik Veri Payla\u015farak \u0130lerlemek \u0130stiyorum\" >Elektronik Veri Payla\u015farak \u0130lerlemek \u0130stiyorum<\/option><\/select><\/div><div id=\"wpforms-1792-field_9-container\" class=\"wpforms-field wpforms-field-text\" data-field-id=\"9\"><label class=\"wpforms-field-label\" for=\"wpforms-1792-field_9\">Adres<\/label><input type=\"text\" id=\"wpforms-1792-field_9\" class=\"wpforms-field-medium\" name=\"wpforms[fields][9]\" aria-errormessage=\"wpforms-1792-field_9-error\" ><\/div><div id=\"wpforms-1792-field_10-container\" class=\"wpforms-field wpforms-field-select wpforms-field-select-style-classic\" data-field-id=\"10\"><label class=\"wpforms-field-label\" for=\"wpforms-1792-field_10\">\u015eehir \/ T\u00fcrkiye<\/label><select id=\"wpforms-1792-field_10\" class=\"wpforms-field-medium\" name=\"wpforms[fields][10]\"><option value=\"Adana\" >Adana<\/option><option value=\"Ad\u0131yaman\" >Ad\u0131yaman<\/option><option value=\"Afyon\" >Afyon<\/option><option value=\"A\u011fr\u0131\" >A\u011fr\u0131<\/option><option value=\"Amasya\" >Amasya<\/option><option value=\"Ankara\" >Ankara<\/option><option value=\"Antalya\" >Antalya<\/option><option value=\"Artvin\" >Artvin<\/option><option value=\"Ayd\u0131n\" >Ayd\u0131n<\/option><option value=\"Bal\u0131kesir\" >Bal\u0131kesir<\/option><option value=\"Bilecik\" >Bilecik<\/option><option value=\"Bing\u00f6l\" >Bing\u00f6l<\/option><option value=\"Bitlis\" >Bitlis<\/option><option value=\"Bolu\" >Bolu<\/option><option value=\"Burdur\" >Burdur<\/option><option value=\"Bursa\" >Bursa<\/option><option value=\"\u00c7anakkale\" >\u00c7anakkale<\/option><option value=\"\u00c7ank\u0131r\u0131\" >\u00c7ank\u0131r\u0131<\/option><option value=\"\u00c7orum\" >\u00c7orum<\/option><option value=\"Denizli\" >Denizli<\/option><option value=\"Diyarbak\u0131r\" >Diyarbak\u0131r<\/option><option value=\"Edirne\" >Edirne<\/option><option value=\"Elaz\u0131\u011f\" >Elaz\u0131\u011f<\/option><option value=\"Erzincan\" >Erzincan<\/option><option value=\"Erzurum\" >Erzurum<\/option><option value=\"Eski\u015fehir\" >Eski\u015fehir<\/option><option value=\"Gaziantep\" >Gaziantep<\/option><option value=\"Giresun\" >Giresun<\/option><option value=\"G\u00fcm\u00fc\u015fhane\" >G\u00fcm\u00fc\u015fhane<\/option><option value=\"Hakkari\" >Hakkari<\/option><option value=\"Hatay\" >Hatay<\/option><option value=\"Isparta\" >Isparta<\/option><option value=\"Mersin\" >Mersin<\/option><option value=\"\u0130stanbul\" >\u0130stanbul<\/option><option value=\"\u0130zmir\" >\u0130zmir<\/option><option value=\"Kars\" >Kars<\/option><option value=\"Kastamonu\" >Kastamonu<\/option><option value=\"Kayseri\" >Kayseri<\/option><option value=\"K\u0131rklareli\" >K\u0131rklareli<\/option><option value=\"K\u0131r\u015fehir\" >K\u0131r\u015fehir<\/option><option value=\"Kocaeli\" >Kocaeli<\/option><option value=\"Konya\" >Konya<\/option><option value=\"K\u00fctahya\" >K\u00fctahya<\/option><option value=\"Malatya\" >Malatya<\/option><option value=\"Manisa\" >Manisa<\/option><option value=\"Kahramanmara\u015f\" >Kahramanmara\u015f<\/option><option value=\"Mardin\" >Mardin<\/option><option value=\"Mu\u011fla\" >Mu\u011fla<\/option><option value=\"Mu\u015f\" >Mu\u015f<\/option><option value=\"Nev\u015fehir\" >Nev\u015fehir<\/option><option value=\"Ni\u011fde\" >Ni\u011fde<\/option><option value=\"Ordu\" >Ordu<\/option><option value=\"Rize\" >Rize<\/option><option value=\"Sakarya\" >Sakarya<\/option><option value=\"Samsun\" >Samsun<\/option><option value=\"Siirt\" >Siirt<\/option><option value=\"Sinop\" >Sinop<\/option><option value=\"Sivas\" >Sivas<\/option><option value=\"Tekirda\u011f\" >Tekirda\u011f<\/option><option value=\"Tokat\" >Tokat<\/option><option value=\"Trabzon\" >Trabzon<\/option><option value=\"Tunceli\" >Tunceli<\/option><option value=\"\u015eanl\u0131urfa\" >\u015eanl\u0131urfa<\/option><option value=\"U\u015fak\" >U\u015fak<\/option><option value=\"Van\" >Van<\/option><option value=\"Yozgat\" >Yozgat<\/option><option value=\"Zonguldak\" >Zonguldak<\/option><option value=\"Aksaray\" >Aksaray<\/option><option value=\"Bayburt\" >Bayburt<\/option><option value=\"Karaman\" >Karaman<\/option><option value=\"K\u0131r\u0131kkale\" >K\u0131r\u0131kkale<\/option><option value=\"Batman\" >Batman<\/option><option value=\"\u015e\u0131rnak\" >\u015e\u0131rnak<\/option><option value=\"Bart\u0131n\" >Bart\u0131n<\/option><option value=\"Ardahan\" >Ardahan<\/option><option value=\"I\u011fd\u0131r\" >I\u011fd\u0131r<\/option><option value=\"Yalova\" >Yalova<\/option><option value=\"Karab\u00fck\" >Karab\u00fck<\/option><option value=\"Kilis\" >Kilis<\/option><option value=\"Osmaniye\" >Osmaniye<\/option><option value=\"D\u00fczce\" >D\u00fczce<\/option><\/select><\/div><\/div><!-- .wpforms-field-container --><div class=\"wpforms-submit-container\" ><input type=\"hidden\" name=\"wpforms[id]\" value=\"1792\"><input type=\"hidden\" name=\"wpforms[author]\" value=\"1\"><button type=\"submit\" name=\"wpforms[submit]\" id=\"wpforms-submit-1792\" class=\"wpforms-submit\" data-alt-text=\"G\u00f6nderiliyor...\" data-submit-text=\"G\u00f6nder\" aria-live=\"assertive\" value=\"wpforms-submit\">G\u00f6nder<\/button><img loading=\"lazy\" decoding=\"async\" src=\"https:\/\/e-watertech.com\/aritma\/wp-content\/plugins\/wpforms-lite\/assets\/images\/submit-spin.svg\" class=\"wpforms-submit-spinner\" style=\"display: none;\" width=\"26\" height=\"26\" alt=\"Y\u00fckleniyor\"><\/div><\/form><\/div>  <!-- .wpforms-container -->","protected":false},"excerpt":{"rendered":"","protected":false},"author":1,"featured_media":0,"parent":0,"menu_order":0,"comment_status":"closed","ping_status":"closed","template":"","meta":{"footnotes":""},"class_list":["post-1811","page","type-page","status-publish","hentry"],"aioseo_notices":[],"_links":{"self":[{"href":"https:\/\/e-watertech.com\/aritma\/index.php\/wp-json\/wp\/v2\/pages\/1811","targetHints":{"allow":["GET"]}}],"collection":[{"href":"https:\/\/e-watertech.com\/aritma\/index.php\/wp-json\/wp\/v2\/pages"}],"about":[{"href":"https:\/\/e-watertech.com\/aritma\/index.php\/wp-json\/wp\/v2\/types\/page"}],"author":[{"embeddable":true,"href":"https:\/\/e-watertech.com\/aritma\/index.php\/wp-json\/wp\/v2\/users\/1"}],"replies":[{"embeddable":true,"href":"https:\/\/e-watertech.com\/aritma\/index.php\/wp-json\/wp\/v2\/comments?post=1811"}],"version-history":[{"count":2,"href":"https:\/\/e-watertech.com\/aritma\/index.php\/wp-json\/wp\/v2\/pages\/1811\/revisions"}],"predecessor-version":[{"id":1813,"href":"https:\/\/e-watertech.com\/aritma\/index.php\/wp-json\/wp\/v2\/pages\/1811\/revisions\/1813"}],"wp:attachment":[{"href":"https:\/\/e-watertech.com\/aritma\/index.php\/wp-json\/wp\/v2\/media?parent=1811"}],"curies":[{"name":"wp","href":"https:\/\/api.w.org\/{rel}","templated":true}]}}