{"id":1752,"date":"2023-10-20T12:24:30","date_gmt":"2023-10-20T12:24:30","guid":{"rendered":"https:\/\/e-watertech.com\/aritma\/?page_id=1752"},"modified":"2023-10-24T13:52:13","modified_gmt":"2023-10-24T13:52:13","slug":"membranlar","status":"publish","type":"page","link":"https:\/\/e-watertech.com\/aritma\/index.php\/membranlar\/","title":{"rendered":"Membranlar"},"content":{"rendered":"\n<h1>\n\t\tMembran Teknolojisi\n\t<\/h1>\n\t<p>Delikli fiber membran teknolojisi, kirletici maddelerin s\u0131v\u0131lardan uzakla\u015ft\u0131r\u0131lmas\u0131nda son derece \u00e7ok y\u00f6nl\u00fc ve etkili bir y\u00f6ntemdir. Ultrafiltrasyon\u00a0,\u00a0mikrofiltrasyon\u00a0ve\u00a0nanofiltrasyon\u00a0teknolojisi de dahil olmak \u00fczere kapsaml\u0131 bir i\u00e7i bo\u015f fiber membran ar\u0131tma k\u0131zaklar\u0131 yelpazesi sunuyoruz\u00a0.\u00a0\u00dcr\u00fcn yelpazemizin \u00f6l\u00e7e\u011fi ve uyarlanabilirli\u011fi, \u00e7ap\u0131 0,6 \u00b5m&#8217;den 0,001 \u00b5m&#8217;ye kadar olan par\u00e7ac\u0131klar\u0131n ayr\u0131lmas\u0131n\u0131 sunabilece\u011fimiz anlam\u0131na gelir.\u00a0Bu, i\u00e7i bo\u015f fiber membran teknolojimizi \u00e7ok \u00e7e\u015fitli end\u00fcstrilerde birden fazla uygulama i\u00e7in uygun hale getirir.<\/p>\n<h2>\n\t\tFiber Membran Teknolojisi\n\t<\/h2>\n\t<h3>Delikli Fiber Membran Teknolojisi Hakk\u0131nda<\/h3>\n<p>Delikli fiber membranlar,\u00a0boyutlar\u0131na ba\u011fl\u0131 olarak par\u00e7ac\u0131klar\u0131 uzakla\u015ft\u0131rmak i\u00e7in se\u00e7ici membran g\u00f6revi g\u00f6ren ince filtrelerdir.\u00a0Membran y\u00fczeyleri, molek\u00fcler a\u011f\u0131rl\u0131k kesme de\u011ferine ba\u011fl\u0131 olarak hangi par\u00e7ac\u0131klar\u0131n ge\u00e7ece\u011fini belirleyen ince g\u00f6zeneklere sahiptir.\u00a0Tipik olarak, su ve k\u00fc\u00e7\u00fck \u00e7\u00f6z\u00fcnm\u00fc\u015f par\u00e7ac\u0131klar filtreden ge\u00e7ecek ve daha b\u00fcy\u00fck, kat\u0131 par\u00e7ac\u0131klar tutulacak ve reddedilecektir.\u00a0Nanofiltrasyon durumunda, \u00e7ok k\u00fc\u00e7\u00fck g\u00f6zenek boyutu ve y\u00fckl\u00fc y\u00fczey nedeniyle daha k\u00fc\u00e7\u00fck iyonlar bile reddedilebilir.<\/p>\n<h3>Nas\u0131l \u00c7al\u0131\u015f\u0131r?<\/h3>\n<p>\u0130\u00e7i bo\u015f fiber membranlar, her biri mod\u00fcler bir k\u0131zak \u00fczerinde d\u00fczenlenmi\u015f sa\u011flam, bas\u0131n\u00e7l\u0131 kaplara yerle\u015ftirilir.\u00a0Sistem daha sonra s\u0131v\u0131ya, uygulamaya ve elde edilen filtrenin kalite gerekliliklerine ba\u011fl\u0131 olarak iki yoldan biriyle \u00e7al\u0131\u015ft\u0131r\u0131labilir.<\/p>\n<h4>\u00c7e\u015fitli uygulamalar i\u00e7in i\u00e7i bo\u015f fiber membranlar<\/h4>\n<p>Her biri farkl\u0131 uygulamalar i\u00e7in kendi faydalar\u0131n\u0131 sunan ve her biri, elde edilen filtrata girmesine izin verdi\u011fi par\u00e7ac\u0131klar\u0131n molek\u00fcler a\u011f\u0131rl\u0131\u011f\u0131na g\u00f6re s\u0131n\u0131fland\u0131r\u0131lan \u00fc\u00e7 ana tip i\u00e7i bo\u015f fiber membran filtrasyonu vard\u0131r.<\/p>\n<p>Bu ana t\u00fcrlerin her birine dayal\u0131 \u00e7\u00f6z\u00fcmler sunuyoruz:<\/p>\n<ul>\n<li>Ultrafiltrasyon (UF)<\/li>\n<li>Mikrofiltrasyon (MF)<\/li>\n<li>Nanofiltrasyon (NF)<\/li>\n<\/ul>\n\t\t\t\t<img loading=\"lazy\" decoding=\"async\" src=\"https:\/\/e-watertech.com\/aritma\/wp-content\/uploads\/2023\/10\/mikrofiltrasyonmembran.webp\" alt=\"mikrofiltrasyonmembran\" itemprop=\"image\" height=\"406\" width=\"500\" title=\"mikrofiltrasyonmembran\" onerror=\"this.style.display='none'\"  \/>\n\t<p>Mikrofiltrasyon MF Membranlar<\/p>\n<p><a href=\"#\">Daha Fazlas\u0131<\/a><\/p>\n\t\t\t\t<img loading=\"lazy\" decoding=\"async\" src=\"https:\/\/e-watertech.com\/aritma\/wp-content\/uploads\/2023\/10\/ultrafiltrasyonmembran2.jpg\" alt=\"ultrafiltrasyonmembran2\" itemprop=\"image\" height=\"300\" width=\"450\" title=\"ultrafiltrasyonmembran2\" onerror=\"this.style.display='none'\"  \/>\n\t<p>Ultrafiltrasyon UF Membranlar\u0131<\/p>\n<p><a href=\"#\">Daha Fazlas\u0131<\/a><\/p>\n\t\t\t\t<img loading=\"lazy\" decoding=\"async\" src=\"https:\/\/e-watertech.com\/aritma\/wp-content\/uploads\/2023\/10\/nanofiltrasyonmembran.jpg\" alt=\"nanofiltrasyonmembran\" itemprop=\"image\" height=\"1080\" width=\"1920\" title=\"nanofiltrasyonmembran\" onerror=\"this.style.display='none'\"  \/>\n\t<p>Nanofiltrasyon NF Membranlar\u0131<\/p>\n<p><a href=\"#\">Daha Fazlas\u0131<\/a><\/p>\n<h2>\n\t\tKapal\u0131 U\u00e7 Filtrasyon\n\t<\/h2>\n\t<p>Kapal\u0131 u\u00e7 operasyonda, besleme ak\u0131\u015f\u0131n\u0131n tamam\u0131, devir daim kullan\u0131lmadan ve konsantre \u00e7\u0131kar\u0131lmadan delikli fiber membrana y\u00f6nlendirilir. Besleme ak\u0131\u015f\u0131ndaki ask\u0131da kat\u0131 maddeler, kendisi de filtre g\u00f6revi g\u00f6rmeye ba\u015flayan bir kek tabakas\u0131 olu\u015fturmak \u00fczere membran y\u00fczeyinde biriktirilir.<\/p>\n<p>&nbsp;<\/p>\n<p>Tutulan maddenin yeniden sirk\u00fclasyonu gerekmedi\u011fi i\u00e7in, \u00e7\u0131kmaz filtreleme, pompalama talebini azalt\u0131r, bu da ihtiya\u00e7 duyulan operasyonel enerji miktar\u0131n\u0131 azalt\u0131r.\u00a0\u00c7\u0131kmaz filtre genellikle daha d\u00fc\u015f\u00fck par\u00e7ac\u0131k y\u00fck\u00fcne sahip s\u0131v\u0131lar i\u00e7in kullan\u0131l\u0131r.\u00a0Daha y\u00fcksek par\u00e7ac\u0131k y\u00fckleri i\u00e7in, d\u00fc\u015f\u00fck ak\u0131 h\u0131zlar\u0131n\u0131 korumak ve y\u00fczeyde\u00a0filtrasyon kal\u0131nt\u0131s\u0131 olu\u015fmas\u0131na izin vermek i\u00e7in y\u00fcksek y\u00fczey alan\u0131na sahip membranlar kullan\u0131labilir.\u00a0<\/p>\n<p>Besleme ak\u0131\u015f\u0131n\u0131n h\u0131z\u0131 ve membran\u0131n y\u00fczey alan\u0131, partik\u00fcl maddenin daha derinde birikmesini \u00f6nlemek i\u00e7in dikkatli bir \u015fekilde tasarlanmal\u0131 ve kontrol edilmelidir.\u00a0Uygun miktarda y\u00fczey alan\u0131n\u0131n kurulmamas\u0131, daha y\u00fcksek zar \u00f6tesi bas\u0131n\u00e7lara ve hatta membran \u00fczerinde geri d\u00f6n\u00fc\u015f\u00fc olmayan kirlenmeye neden olacak \u015fekilde daha derin partik\u00fcl madde birikmesine neden olabilir.<\/p>\n<p>Dead-end filtrasyonu genellikle ultrafiltrasyonda\u00a0i\u015fletim tercihidir\u00a0ve yayg\u0131n olarak y\u00fczey sular\u0131n\u0131 ar\u0131tmak i\u00e7in veya daha sonraki ar\u0131tma prosesleri i\u00e7in bir \u00f6n ar\u0131tma a\u015famas\u0131 olarak kullan\u0131l\u0131r.<\/p>\n\t\t\t<a href=\"https:\/\/e-watertech.com\/aritma\/index.php\/bilgi-talep-formu\/\" target=\"_self\" rel=\"noopener\">\n\t\t\t\t\t\t\tDaha Fazla Bilgi\n\t\t\t<\/a>\n\t\t\t\t<img loading=\"lazy\" decoding=\"async\" src=\"https:\/\/e-watertech.com\/aritma\/wp-content\/uploads\/2023\/10\/Crossflow-filtration-illustration.jpg\" alt=\"Crossflow-filtration-illustration\" itemprop=\"image\" height=\"577\" width=\"526\" title=\"Crossflow-filtration-illustration\" onerror=\"this.style.display='none'\"  \/>\n<h2>\n\t\t\u00c7apraz Ak\u0131\u015fl\u0131 Filtrasyon\n\t<\/h2>\n\t<p>\u00c7apraz ak\u0131\u015fl\u0131 membran konfig\u00fcrasyonunu etkinle\u015ftirmek i\u00e7in, tutulan bir geri d\u00f6n\u00fc\u015f beslemesi ve bir devridaim d\u00f6ng\u00fcs\u00fc olu\u015fturulur.\u00a0<a href=\"https:\/\/www.envirogengroup.com\/water-filtration-system-services\/hollow-fiber-membranes-spiral-wound-membranes\/\">Besleme ak\u0131\u015f\u0131, i\u00e7i bo\u015f fiber membran<\/a>\u00a0l\u00fcmeni boyunca y\u00fcksek h\u0131z\u0131 korumak i\u00e7in bir yeniden sirk\u00fclasyon d\u00f6ng\u00fcs\u00fc arac\u0131l\u0131\u011f\u0131yla membrana g\u00f6nderilir\u00a0.\u00a0Daha b\u00fcy\u00fck par\u00e7ac\u0131klar tutulan s\u0131v\u0131 i\u00e7inde tutulur ve daha k\u00fc\u00e7\u00fck molek\u00fcller s\u00fcz\u00fcnt\u00fcye ge\u00e7ebilir.\u00a0Membran l\u00fcmeninde a\u015f\u0131r\u0131 d\u00fczeyde kat\u0131 madde birikmesini \u00f6nlemek i\u00e7in filtrat\u0131n k\u00fc\u00e7\u00fck bir k\u0131sm\u0131 besleme kab\u0131na geri g\u00f6nderilir.<\/p>\n<p>\u00c7apraz ak\u0131\u015f\u00a0h\u0131z\u0131na ula\u015f\u0131ld\u0131\u011f\u0131nda\u00a0, tutulan ak\u0131\u015f\u0131n kuvveti, membran y\u00fczeyinde partik\u00fcl birikmesini \u00f6nler.\u00a0Birikmeyi ortadan kald\u0131rarak, trans-membran bas\u0131n\u00e7lar\u0131 azalt\u0131l\u0131r ve daha uzun parti \u00e7al\u0131\u015fmalar\u0131 elde edilebilir.<\/p>\n<p>\u00c7apraz ak\u0131\u015fl\u0131 filtreleme sistemleri genellikle toplu i\u015flemlerde ve daha karma\u015f\u0131k ve zorlu besleme ak\u0131\u015flar\u0131 i\u00e7in kullan\u0131l\u0131r.\u00a0\u00c7apraz ak\u0131\u015f konfig\u00fcrasyonu kullanan mikrofiltrasyon\u00a0, \u00fcr\u00fcn berrakla\u015ft\u0131rmas\u0131 i\u00e7in ideal bir \u00e7\u00f6z\u00fcmd\u00fcr ve\u00a0bira fabrikalar\u0131nda\u00a0,\u00a0\u015farap imalathanelerinde ve\u00a0elma \u015farab\u0131\u00a0, sirke ve meyve sular\u0131n\u0131n \u00fcretiminde yayg\u0131n olarak kullan\u0131l\u0131r\u00a0.<\/p>\n<p>\u00c7apraz ak\u0131\u015f h\u0131z\u0131na ula\u015fmayla ili\u015fkili enerji gereksinimleri, sistemlerin ya\u015fam d\u00f6ng\u00fcs\u00fc i\u00e7in kabul edilebilir i\u015fletme harcamalar\u0131 (OPEX) de\u011ferlerini korurken s\u0131n\u0131rl\u0131 miktarda y\u00fczey alan\u0131n\u0131n kurulabilece\u011fi anlam\u0131na gelir.\u00a0\u00c7apraz ak\u0131\u015fl\u0131 membran \u00fcniteleri genellikle azalt\u0131lm\u0131\u015f bir y\u00fczey alan\u0131na sahip olacakt\u0131r; bu, proses ak\u0131\u015f\u0131n\u0131 y\u00f6nlendirecek daha az l\u00fcmen oldu\u011fu anlam\u0131na gelir; bu, daha d\u00fc\u015f\u00fck ak\u0131\u015f h\u0131zlar\u0131n\u0131n daha y\u00fcksek h\u0131za yol a\u00e7t\u0131\u011f\u0131 anlam\u0131na gelir.<\/p>\n\t\t\t<a href=\"https:\/\/e-watertech.com\/aritma\/index.php\/bilgi-talep-formu\/\" target=\"_self\" rel=\"noopener\">\n\t\t\t\t\t\t\tDaha Fazla Bilgi\n\t\t\t<\/a>\n<h2>\n\t\t<a href=\"https:\/\/e-watertech.com\/aritma\/index.php\/toplanti-talep-formu\/\" title=\"Bir Araya Gelelim\" target=\"_self\" rel=\"noopener\">\n\t\tBir Araya Gelelim\n\t\t<\/a>\n\t<\/h2>\n\t<p>Size ula\u015fabilmemiz i\u00e7in talep b\u0131rak\u0131n<\/p>\n\t\t\t<a href=\"https:\/\/e-watertech.com\/aritma\/index.php\/toplanti-talep-formu\/\" target=\"_self\" rel=\"noopener\">\n\t\t\t\t\t\t\tToplant\u0131 Talep Formu\n\t\t\t<\/a>\n\n","protected":false},"excerpt":{"rendered":"<p>Membran Teknolojisi Delikli fiber membran teknolojisi, kirletici maddelerin s\u0131v\u0131lardan uzakla\u015ft\u0131r\u0131lmas\u0131nda son derece \u00e7ok y\u00f6nl\u00fc ve etkili bir y\u00f6ntemdir. Ultrafiltrasyon\u00a0,\u00a0mikrofiltrasyon\u00a0ve\u00a0nanofiltrasyon\u00a0teknolojisi de dahil olmak \u00fczere kapsaml\u0131 bir i\u00e7i bo\u015f fiber membran ar\u0131tma &#8230;<\/p>\n","protected":false},"author":1,"featured_media":0,"parent":0,"menu_order":0,"comment_status":"closed","ping_status":"closed","template":"","meta":{"footnotes":""},"class_list":["post-1752","page","type-page","status-publish","hentry"],"aioseo_notices":[],"_links":{"self":[{"href":"https:\/\/e-watertech.com\/aritma\/index.php\/wp-json\/wp\/v2\/pages\/1752","targetHints":{"allow":["GET"]}}],"collection":[{"href":"https:\/\/e-watertech.com\/aritma\/index.php\/wp-json\/wp\/v2\/pages"}],"about":[{"href":"https:\/\/e-watertech.com\/aritma\/index.php\/wp-json\/wp\/v2\/types\/page"}],"author":[{"embeddable":true,"href":"https:\/\/e-watertech.com\/aritma\/index.php\/wp-json\/wp\/v2\/users\/1"}],"replies":[{"embeddable":true,"href":"https:\/\/e-watertech.com\/aritma\/index.php\/wp-json\/wp\/v2\/comments?post=1752"}],"version-history":[{"count":3,"href":"https:\/\/e-watertech.com\/aritma\/index.php\/wp-json\/wp\/v2\/pages\/1752\/revisions"}],"predecessor-version":[{"id":1778,"href":"https:\/\/e-watertech.com\/aritma\/index.php\/wp-json\/wp\/v2\/pages\/1752\/revisions\/1778"}],"wp:attachment":[{"href":"https:\/\/e-watertech.com\/aritma\/index.php\/wp-json\/wp\/v2\/media?parent=1752"}],"curies":[{"name":"wp","href":"https:\/\/api.w.org\/{rel}","templated":true}]}}