{"id":1740,"date":"2023-10-19T12:40:50","date_gmt":"2023-10-19T12:40:50","guid":{"rendered":"https:\/\/e-watertech.com\/aritma\/?page_id=1740"},"modified":"2023-10-25T09:07:41","modified_gmt":"2023-10-25T09:07:41","slug":"iyon-degistirme-teknolojisi","status":"publish","type":"page","link":"https:\/\/e-watertech.com\/aritma\/index.php\/iyon-degistirme-teknolojisi\/","title":{"rendered":"\u0130yon De\u011fi\u015ftirme Teknolojisi"},"content":{"rendered":"\n<h1>\n\t\tNedir?\n\t<\/h1>\n\t<p>\u0130yon de\u011fi\u015ftirme sistemleri, sudaki \u00e7\u00f6z\u00fcnm\u00fc\u015f ve iyonize yabanc\u0131 maddeleri gidermenin olduk\u00e7a etkili bir yolunu sa\u011flar.\u00a0\u0130yon de\u011fi\u015ftirme teknolojilerimiz, belirli end\u00fcstri zorluklar\u0131n\u0131 ve \u00e7\u0131k\u0131\u015f suyu gereksinimlerini kar\u015f\u0131lamak i\u00e7in \u00e7e\u015fitli konfig\u00fcrasyonlarda sunulan, son derece uyarlanabilir sistemlerdir.\u00a0<\/p>\n\t\t\t<a href=\"https:\/\/e-watertech.com\/aritma\/index.php\/bilgi-talep-formu\/\" target=\"_self\" rel=\"noopener\">\n\t\t\t\t\t\t\tDaha Fazla Bilgi\n\t\t\t<\/a>\n<h2>\n\t\t\u0130yon De\u011fi\u015ftirme Metodlar\n\t<\/h2>\n\t<p>Geni\u015f bir uygulama yelpazesi i\u00e7in uygun maliyetli dolgulu yatak, kar\u015f\u0131 ak\u0131m sistemleri ve geleneksel a\u015fa\u011f\u0131 ak\u0131\u015fl\u0131 k\u0131zaklar\u0131 \u00fc\u00e7 temel iyon de\u011fi\u015ftirme teknolojisi arac\u0131l\u0131\u011f\u0131yla sunuyoruz.<\/p>\n\t\t\t\t<img loading=\"lazy\" decoding=\"async\" src=\"https:\/\/e-watertech.com\/aritma\/wp-content\/uploads\/2023\/10\/Typical_Water_Softener.jpg\" alt=\"Typical Water Softener\" itemprop=\"image\" height=\"634\" width=\"609\" title=\"Typical Water Softener\" onerror=\"this.style.display='none'\"  \/>\n\t<p>Su Yumu\u015fatma<\/p>\n\t\t\t\t<img loading=\"lazy\" decoding=\"async\" src=\"https:\/\/e-watertech.com\/aritma\/wp-content\/uploads\/2023\/10\/deiyonizasyon.jpg\" alt=\"deiyonizasyon\" itemprop=\"image\" height=\"477\" width=\"421\" title=\"deiyonizasyon\" onerror=\"this.style.display='none'\"  \/>\n\t<p>Deiyonizasyon<\/p>\n\t\t\t\t<img loading=\"lazy\" decoding=\"async\" src=\"https:\/\/e-watertech.com\/aritma\/wp-content\/uploads\/2023\/10\/dealkalizasyon_sistemi.jpg\" alt=\"dealkalizasyon_sistemi\" itemprop=\"image\" height=\"375\" width=\"500\" title=\"dealkalizasyon_sistemi\" onerror=\"this.style.display='none'\"  \/>\n\t<p>Dealkalizasyon<\/p>\n\t\t\t\t<img loading=\"lazy\" decoding=\"async\" src=\"https:\/\/e-watertech.com\/aritma\/wp-content\/uploads\/2023\/10\/Calcium-ions-being-exchanged-for-sodium-ions.jpg\" alt=\"Calcium-ions-being-exchanged-for-sodium-ions\" itemprop=\"image\" height=\"316\" width=\"461\" title=\"Calcium-ions-being-exchanged-for-sodium-ions\" onerror=\"this.style.display='none'\"  \/>\n<h2>\n\t\tNas\u0131l ?\n\t<\/h2>\n\t<header>\n<h1>\u0130yon De\u011fi\u015ftirme Teknolojisi<\/h1>\n<\/header>\n<p>\u0130yon de\u011fi\u015ftirme sistemleri, sudaki \u00e7\u00f6z\u00fcnm\u00fc\u015f ve iyonize yabanc\u0131 maddeleri gidermenin olduk\u00e7a etkili bir yolunu sa\u011flar.\u00a0\u0130yon de\u011fi\u015ftirme teknolojilerimiz, belirli end\u00fcstri zorluklar\u0131n\u0131 ve \u00e7\u0131k\u0131\u015f suyu gereksinimlerini kar\u015f\u0131lamak i\u00e7in \u00e7e\u015fitli konfig\u00fcrasyonlarda sunulan, son derece uyarlanabilir sistemlerdir.\u00a0Geni\u015f bir uygulama yelpazesi i\u00e7in uygun maliyetli dolgulu yatak, kar\u015f\u0131 ak\u0131m sistemleri ve geleneksel a\u015fa\u011f\u0131 ak\u0131\u015fl\u0131 k\u0131zaklar\u0131 \u00fc\u00e7 temel iyon de\u011fi\u015ftirme teknolojisi arac\u0131l\u0131\u011f\u0131yla sunuyoruz:<\/p>\n<ul>\n<li><a href=\"https:\/\/www.envirogengroup.com\/industrial-water-treatment-technologies\/ion-exchange-technology\/#watersoftening\">Su yumu\u015fatma<\/a><\/li>\n<li><a href=\"https:\/\/www.envirogengroup.com\/industrial-water-treatment-technologies\/ion-exchange-technology\/#demindeion\">Demineralizasyon\/Deiyonizasyon<\/a><\/li>\n<li><a href=\"https:\/\/www.envirogengroup.com\/industrial-water-treatment-technologies\/ion-exchange-technology\/#dealkalisation\">Dealkalizasyon<\/a><\/li>\n<\/ul>\n<p><strong>Tesisinize y\u00f6nelik su ar\u0131tma ve proses filtreleme \u00e7\u00f6z\u00fcmlerini de\u011ferlendirmek \u00fczere \u00fccretsiz de\u011ferlendirme i\u00e7in uzman m\u00fchendislerden olu\u015fan ekibimizle ileti\u015fime ge\u00e7in<\/strong><\/p>\n<h2>\u0130yon de\u011fi\u015fimi nedir?<\/h2>\nEn saf haliyle su, bir oksijen ve iki hidrojen atomundan olu\u015fan basit molek\u00fcllerden olu\u015fur. Bununla birlikte, t\u00fcm su kaynaklar\u0131 yabanc\u0131 maddeler i\u00e7erir; baz\u0131lar\u0131 ask\u0131da madde, baz\u0131lar\u0131 ise \u00e7\u00f6z\u00fcnm\u00fc\u015f maddedir.<br \/>\nFiltreleme teknolojilerimiz \u00e7\u00f6z\u00fcnmeyen, as\u0131l\u0131 elementleri hedefleyip uzakla\u015ft\u0131r\u0131rken, iyon de\u011fi\u015fim teknolojilerimiz y\u00fckl\u00fc, iyonize, \u00e7\u00f6z\u00fcnm\u00fc\u015f tuzlar\u0131 hedef al\u0131r ve de\u011fi\u015ftirir.\n<p>\u0130yon de\u011fi\u015fimi, suda kalsiyum (Ca++), magnezyum (Mg++), klor\u00fcr (Cl-) ve nitrat (NO3-) gibi problemli \u00e7\u00f6z\u00fcnm\u00fc\u015f iyonlar\u0131n, sodyum (Na+) gibi daha az problemli iyonlarla de\u011fi\u015ftirildi\u011fi s\u00fcre\u00e7tir. , hidrojen (H+) ve hidroksit (OH-).\u00a0Bu i\u015flem, kire\u00e7 olu\u015fturan iyonlar\u0131 ve end\u00fcstriyel i\u015flemlerde sorunlara neden olabilecek iyonlar\u0131 ortadan kald\u0131rabilir.\u00a0\u00c7\u00f6z\u00fcnm\u00fc\u015f iyonlar\u0131n ta\u015f\u0131d\u0131\u011f\u0131 y\u00fck nedeniyle iletkenlik, sudaki iyon seviyesinin yararl\u0131 bir \u00f6l\u00e7\u00fcs\u00fcd\u00fcr.<\/p>\n\t\t\t<a href=\"https:\/\/e-watertech.com\/aritma\/index.php\/bilgi-talep-formu\/\" target=\"_self\" rel=\"noopener\">\n\t\t\t\t\t\t\tDaha Fazla Bilgi\n\t\t\t<\/a>\n<h2>\n\t\t<a href=\"https:\/\/e-watertech.com\/aritma\/index.php\/toplanti-talep-formu\/\" title=\"Bir Araya Gelelim\" target=\"_self\" rel=\"noopener\">\n\t\tBir Araya Gelelim\n\t\t<\/a>\n\t<\/h2>\n\t\t\t<a href=\"https:\/\/e-watertech.com\/aritma\/index.php\/toplanti-talep-formu\/\" target=\"_self\" rel=\"noopener\">\n\t\t\t\t\t\t\tToplant\u0131 Talep Edin\n\t\t\t<\/a>\n\n","protected":false},"excerpt":{"rendered":"<p>Nedir? \u0130yon de\u011fi\u015ftirme sistemleri, sudaki \u00e7\u00f6z\u00fcnm\u00fc\u015f ve iyonize yabanc\u0131 maddeleri gidermenin olduk\u00e7a etkili bir yolunu sa\u011flar.\u00a0\u0130yon de\u011fi\u015ftirme teknolojilerimiz, belirli end\u00fcstri zorluklar\u0131n\u0131 ve \u00e7\u0131k\u0131\u015f suyu gereksinimlerini kar\u015f\u0131lamak i\u00e7in \u00e7e\u015fitli konfig\u00fcrasyonlarda sunulan, &#8230;<\/p>\n","protected":false},"author":1,"featured_media":0,"parent":0,"menu_order":0,"comment_status":"closed","ping_status":"closed","template":"","meta":{"footnotes":""},"class_list":["post-1740","page","type-page","status-publish","hentry"],"aioseo_notices":[],"_links":{"self":[{"href":"https:\/\/e-watertech.com\/aritma\/index.php\/wp-json\/wp\/v2\/pages\/1740","targetHints":{"allow":["GET"]}}],"collection":[{"href":"https:\/\/e-watertech.com\/aritma\/index.php\/wp-json\/wp\/v2\/pages"}],"about":[{"href":"https:\/\/e-watertech.com\/aritma\/index.php\/wp-json\/wp\/v2\/types\/page"}],"author":[{"embeddable":true,"href":"https:\/\/e-watertech.com\/aritma\/index.php\/wp-json\/wp\/v2\/users\/1"}],"replies":[{"embeddable":true,"href":"https:\/\/e-watertech.com\/aritma\/index.php\/wp-json\/wp\/v2\/comments?post=1740"}],"version-history":[{"count":5,"href":"https:\/\/e-watertech.com\/aritma\/index.php\/wp-json\/wp\/v2\/pages\/1740\/revisions"}],"predecessor-version":[{"id":1781,"href":"https:\/\/e-watertech.com\/aritma\/index.php\/wp-json\/wp\/v2\/pages\/1740\/revisions\/1781"}],"wp:attachment":[{"href":"https:\/\/e-watertech.com\/aritma\/index.php\/wp-json\/wp\/v2\/media?parent=1740"}],"curies":[{"name":"wp","href":"https:\/\/api.w.org\/{rel}","templated":true}]}}